{"id":205,"date":"2017-10-30T11:05:35","date_gmt":"2017-10-30T11:05:35","guid":{"rendered":"http:\/\/corfuaquamarine.gr\/location\/"},"modified":"2017-11-30T08:28:26","modified_gmt":"2017-11-30T08:28:26","slug":"umgebung","status":"publish","type":"page","link":"https:\/\/corfuaquamarine.gr\/de\/umgebung\/","title":{"rendered":"Umgebung"},"content":{"rendered":"<p style=\"text-align: center;\">Das Korfu Aquamarin befindet sich in Notos, in der N\u00e4he der D\u00f6rfer Agios Nikolaos und Roumandes, direkt am Ionischen Meer, umgeben von alten Olivenhainen. Die D\u00f6rfer Agios Nikolaos und Roumandes sind alt, mit einer reichen Geschichte, mit typischen griechischen H\u00e4usern und Cafes.<\/p>\n<p style=\"text-align: center;\">Nur einen kurzen Spaziergang vom Strand von Notos, Plaka entfernt, erreichen Sie das Fischerdorf Petriti. Die Str\u00e4nde von Kalivioti und Perivoli k\u00f6nnen Sie mit einem kleinen Spaziergang am Nachmittag erreichen.<\/p>\n<p style=\"text-align: center;\">Wir empfehlen auch die sch\u00f6nen Sandstr\u00e4nde an der Westk\u00fcste, die Sie nach kurzer Fahrzeit erreichen (10-15 Min.): Santa Barbara, Gardenos, Malta, Agios Georgios.<\/p>\n<p>&nbsp;<\/p>\n<div id='gallery-1' class='gallery galleryid-205 gallery-columns-3 gallery-size-thumbnail'><figure class='gallery-item'>\n\t\t\t<div class='gallery-icon landscape'>\n\t\t\t\t<a href='https:\/\/i0.wp.com\/corfuaquamarine.gr\/wp-content\/uploads\/2017\/10\/Location01.jpg?ssl=1' data-lightbox=\"gal[205]\"><img width=\"150\" height=\"150\" src=\"https:\/\/i0.wp.com\/corfuaquamarine.gr\/wp-content\/uploads\/2017\/10\/Location01.jpg?resize=150%2C150&amp;ssl=1\" class=\"attachment-thumbnail size-thumbnail\" alt=\"\" loading=\"lazy\" aria-describedby=\"gallery-1-173\" srcset=\"https:\/\/i0.wp.com\/corfuaquamarine.gr\/wp-content\/uploads\/2017\/10\/Location01.jpg?resize=150%2C150&amp;ssl=1 150w, https:\/\/i0.wp.com\/corfuaquamarine.gr\/wp-content\/uploads\/2017\/10\/Location01.jpg?resize=100%2C100&amp;ssl=1 100w, https:\/\/i0.wp.com\/corfuaquamarine.gr\/wp-content\/uploads\/2017\/10\/Location01.jpg?zoom=2&amp;resize=150%2C150 300w, https:\/\/i0.wp.com\/corfuaquamarine.gr\/wp-content\/uploads\/2017\/10\/Location01.jpg?zoom=3&amp;resize=150%2C150 450w\" sizes=\"(max-width: 150px) 100vw, 150px\" \/><\/a>\n\t\t\t<\/div>\n\t\t\t\t<figcaption class='wp-caption-text gallery-caption' id='gallery-1-173'>\n\t\t\t\tIonian Sea\n\t\t\t\t<\/figcaption><\/figure><figure class='gallery-item'>\n\t\t\t<div class='gallery-icon landscape'>\n\t\t\t\t<a href='https:\/\/i1.wp.com\/corfuaquamarine.gr\/wp-content\/uploads\/2017\/10\/Location02.jpg?ssl=1' data-lightbox=\"gal[205]\"><img width=\"150\" height=\"150\" src=\"https:\/\/i1.wp.com\/corfuaquamarine.gr\/wp-content\/uploads\/2017\/10\/Location02.jpg?resize=150%2C150&amp;ssl=1\" class=\"attachment-thumbnail size-thumbnail\" alt=\"\" loading=\"lazy\" aria-describedby=\"gallery-1-174\" srcset=\"https:\/\/i1.wp.com\/corfuaquamarine.gr\/wp-content\/uploads\/2017\/10\/Location02.jpg?resize=150%2C150&amp;ssl=1 150w, https:\/\/i1.wp.com\/corfuaquamarine.gr\/wp-content\/uploads\/2017\/10\/Location02.jpg?resize=100%2C100&amp;ssl=1 100w, https:\/\/i1.wp.com\/corfuaquamarine.gr\/wp-content\/uploads\/2017\/10\/Location02.jpg?zoom=2&amp;resize=150%2C150 300w, https:\/\/i1.wp.com\/corfuaquamarine.gr\/wp-content\/uploads\/2017\/10\/Location02.jpg?zoom=3&amp;resize=150%2C150 450w\" sizes=\"(max-width: 150px) 100vw, 150px\" \/><\/a>\n\t\t\t<\/div>\n\t\t\t\t<figcaption class='wp-caption-text gallery-caption' id='gallery-1-174'>\n\t\t\t\tPetriti Village\n\t\t\t\t<\/figcaption><\/figure><figure class='gallery-item'>\n\t\t\t<div class='gallery-icon landscape'>\n\t\t\t\t<a href='https:\/\/i1.wp.com\/corfuaquamarine.gr\/wp-content\/uploads\/2017\/10\/Location04.jpg?ssl=1' data-lightbox=\"gal[205]\"><img width=\"150\" height=\"150\" src=\"https:\/\/i1.wp.com\/corfuaquamarine.gr\/wp-content\/uploads\/2017\/10\/Location04.jpg?resize=150%2C150&amp;ssl=1\" class=\"attachment-thumbnail size-thumbnail\" alt=\"\" loading=\"lazy\" aria-describedby=\"gallery-1-176\" srcset=\"https:\/\/i1.wp.com\/corfuaquamarine.gr\/wp-content\/uploads\/2017\/10\/Location04.jpg?resize=150%2C150&amp;ssl=1 150w, https:\/\/i1.wp.com\/corfuaquamarine.gr\/wp-content\/uploads\/2017\/10\/Location04.jpg?resize=100%2C100&amp;ssl=1 100w, https:\/\/i1.wp.com\/corfuaquamarine.gr\/wp-content\/uploads\/2017\/10\/Location04.jpg?zoom=2&amp;resize=150%2C150 300w, https:\/\/i1.wp.com\/corfuaquamarine.gr\/wp-content\/uploads\/2017\/10\/Location04.jpg?zoom=3&amp;resize=150%2C150 450w\" sizes=\"(max-width: 150px) 100vw, 150px\" \/><\/a>\n\t\t\t<\/div>\n\t\t\t\t<figcaption class='wp-caption-text gallery-caption' id='gallery-1-176'>\n\t\t\t\tOlive Grove\n\t\t\t\t<\/figcaption><\/figure><figure class='gallery-item'>\n\t\t\t<div class='gallery-icon landscape'>\n\t\t\t\t<a href='https:\/\/i1.wp.com\/corfuaquamarine.gr\/wp-content\/uploads\/2017\/10\/Location05.jpg?ssl=1' data-lightbox=\"gal[205]\"><img width=\"150\" height=\"150\" src=\"https:\/\/i1.wp.com\/corfuaquamarine.gr\/wp-content\/uploads\/2017\/10\/Location05.jpg?resize=150%2C150&amp;ssl=1\" class=\"attachment-thumbnail size-thumbnail\" alt=\"\" loading=\"lazy\" aria-describedby=\"gallery-1-177\" srcset=\"https:\/\/i1.wp.com\/corfuaquamarine.gr\/wp-content\/uploads\/2017\/10\/Location05.jpg?resize=150%2C150&amp;ssl=1 150w, https:\/\/i1.wp.com\/corfuaquamarine.gr\/wp-content\/uploads\/2017\/10\/Location05.jpg?resize=100%2C100&amp;ssl=1 100w, https:\/\/i1.wp.com\/corfuaquamarine.gr\/wp-content\/uploads\/2017\/10\/Location05.jpg?zoom=2&amp;resize=150%2C150 300w, https:\/\/i1.wp.com\/corfuaquamarine.gr\/wp-content\/uploads\/2017\/10\/Location05.jpg?zoom=3&amp;resize=150%2C150 450w\" sizes=\"(max-width: 150px) 100vw, 150px\" \/><\/a>\n\t\t\t<\/div>\n\t\t\t\t<figcaption class='wp-caption-text gallery-caption' id='gallery-1-177'>\n\t\t\t\tThe Cross Island\n\t\t\t\t<\/figcaption><\/figure><figure class='gallery-item'>\n\t\t\t<div class='gallery-icon landscape'>\n\t\t\t\t<a href='https:\/\/i0.wp.com\/corfuaquamarine.gr\/wp-content\/uploads\/2017\/10\/Location06.jpg?ssl=1' data-lightbox=\"gal[205]\"><img width=\"150\" height=\"150\" src=\"https:\/\/i0.wp.com\/corfuaquamarine.gr\/wp-content\/uploads\/2017\/10\/Location06.jpg?resize=150%2C150&amp;ssl=1\" class=\"attachment-thumbnail size-thumbnail\" alt=\"\" loading=\"lazy\" aria-describedby=\"gallery-1-178\" srcset=\"https:\/\/i0.wp.com\/corfuaquamarine.gr\/wp-content\/uploads\/2017\/10\/Location06.jpg?resize=150%2C150&amp;ssl=1 150w, https:\/\/i0.wp.com\/corfuaquamarine.gr\/wp-content\/uploads\/2017\/10\/Location06.jpg?resize=100%2C100&amp;ssl=1 100w\" sizes=\"(max-width: 150px) 100vw, 150px\" \/><\/a>\n\t\t\t<\/div>\n\t\t\t\t<figcaption class='wp-caption-text gallery-caption' id='gallery-1-178'>\n\t\t\t\tFlamingos in Lefkimmi\n\t\t\t\t<\/figcaption><\/figure><figure class='gallery-item'>\n\t\t\t<div class='gallery-icon landscape'>\n\t\t\t\t<a href='https:\/\/i0.wp.com\/corfuaquamarine.gr\/wp-content\/uploads\/2017\/10\/Location07.jpg?ssl=1' data-lightbox=\"gal[205]\"><img width=\"150\" height=\"150\" src=\"https:\/\/i0.wp.com\/corfuaquamarine.gr\/wp-content\/uploads\/2017\/10\/Location07.jpg?resize=150%2C150&amp;ssl=1\" class=\"attachment-thumbnail size-thumbnail\" alt=\"\" loading=\"lazy\" aria-describedby=\"gallery-1-179\" srcset=\"https:\/\/i0.wp.com\/corfuaquamarine.gr\/wp-content\/uploads\/2017\/10\/Location07.jpg?resize=150%2C150&amp;ssl=1 150w, https:\/\/i0.wp.com\/corfuaquamarine.gr\/wp-content\/uploads\/2017\/10\/Location07.jpg?resize=100%2C100&amp;ssl=1 100w, https:\/\/i0.wp.com\/corfuaquamarine.gr\/wp-content\/uploads\/2017\/10\/Location07.jpg?zoom=2&amp;resize=150%2C150 300w, https:\/\/i0.wp.com\/corfuaquamarine.gr\/wp-content\/uploads\/2017\/10\/Location07.jpg?zoom=3&amp;resize=150%2C150 450w\" sizes=\"(max-width: 150px) 100vw, 150px\" \/><\/a>\n\t\t\t<\/div>\n\t\t\t\t<figcaption class='wp-caption-text gallery-caption' id='gallery-1-179'>\n\t\t\t\tGardenos Beach\n\t\t\t\t<\/figcaption><\/figure><figure class='gallery-item'>\n\t\t\t<div class='gallery-icon landscape'>\n\t\t\t\t<a href='https:\/\/i0.wp.com\/corfuaquamarine.gr\/wp-content\/uploads\/2017\/10\/Location08.jpg?ssl=1' data-lightbox=\"gal[205]\"><img width=\"150\" height=\"150\" src=\"https:\/\/i0.wp.com\/corfuaquamarine.gr\/wp-content\/uploads\/2017\/10\/Location08.jpg?resize=150%2C150&amp;ssl=1\" class=\"attachment-thumbnail size-thumbnail\" alt=\"\" loading=\"lazy\" aria-describedby=\"gallery-1-180\" srcset=\"https:\/\/i0.wp.com\/corfuaquamarine.gr\/wp-content\/uploads\/2017\/10\/Location08.jpg?resize=150%2C150&amp;ssl=1 150w, https:\/\/i0.wp.com\/corfuaquamarine.gr\/wp-content\/uploads\/2017\/10\/Location08.jpg?resize=100%2C100&amp;ssl=1 100w, https:\/\/i0.wp.com\/corfuaquamarine.gr\/wp-content\/uploads\/2017\/10\/Location08.jpg?zoom=2&amp;resize=150%2C150 300w\" sizes=\"(max-width: 150px) 100vw, 150px\" \/><\/a>\n\t\t\t<\/div>\n\t\t\t\t<figcaption class='wp-caption-text gallery-caption' id='gallery-1-180'>\n\t\t\t\tChalikounas Beach\n\t\t\t\t<\/figcaption><\/figure><figure class='gallery-item'>\n\t\t\t<div class='gallery-icon landscape'>\n\t\t\t\t<a href='https:\/\/i1.wp.com\/corfuaquamarine.gr\/wp-content\/uploads\/2017\/10\/Location11.jpg?ssl=1' data-lightbox=\"gal[205]\"><img width=\"150\" height=\"150\" src=\"https:\/\/i1.wp.com\/corfuaquamarine.gr\/wp-content\/uploads\/2017\/10\/Location11.jpg?resize=150%2C150&amp;ssl=1\" class=\"attachment-thumbnail size-thumbnail\" alt=\"\" loading=\"lazy\" aria-describedby=\"gallery-1-183\" srcset=\"https:\/\/i1.wp.com\/corfuaquamarine.gr\/wp-content\/uploads\/2017\/10\/Location11.jpg?resize=150%2C150&amp;ssl=1 150w, https:\/\/i1.wp.com\/corfuaquamarine.gr\/wp-content\/uploads\/2017\/10\/Location11.jpg?resize=100%2C100&amp;ssl=1 100w\" sizes=\"(max-width: 150px) 100vw, 150px\" \/><\/a>\n\t\t\t<\/div>\n\t\t\t\t<figcaption class='wp-caption-text gallery-caption' id='gallery-1-183'>\n\t\t\t\tAchilleion Palace\n\t\t\t\t<\/figcaption><\/figure><figure class='gallery-item'>\n\t\t\t<div class='gallery-icon landscape'>\n\t\t\t\t<a href='https:\/\/i2.wp.com\/corfuaquamarine.gr\/wp-content\/uploads\/2017\/10\/Location10.jpg?ssl=1' data-lightbox=\"gal[205]\"><img width=\"150\" height=\"150\" src=\"https:\/\/i2.wp.com\/corfuaquamarine.gr\/wp-content\/uploads\/2017\/10\/Location10.jpg?resize=150%2C150&amp;ssl=1\" class=\"attachment-thumbnail size-thumbnail\" alt=\"\" loading=\"lazy\" aria-describedby=\"gallery-1-182\" srcset=\"https:\/\/i2.wp.com\/corfuaquamarine.gr\/wp-content\/uploads\/2017\/10\/Location10.jpg?resize=150%2C150&amp;ssl=1 150w, https:\/\/i2.wp.com\/corfuaquamarine.gr\/wp-content\/uploads\/2017\/10\/Location10.jpg?resize=100%2C100&amp;ssl=1 100w\" sizes=\"(max-width: 150px) 100vw, 150px\" \/><\/a>\n\t\t\t<\/div>\n\t\t\t\t<figcaption class='wp-caption-text gallery-caption' id='gallery-1-182'>\n\t\t\t\tChlomos Village\n\t\t\t\t<\/figcaption><\/figure><figure class='gallery-item'>\n\t\t\t<div class='gallery-icon landscape'>\n\t\t\t\t<a href='https:\/\/i0.wp.com\/corfuaquamarine.gr\/wp-content\/uploads\/2017\/10\/Location09.jpg?ssl=1' data-lightbox=\"gal[205]\"><img width=\"150\" height=\"150\" src=\"https:\/\/i0.wp.com\/corfuaquamarine.gr\/wp-content\/uploads\/2017\/10\/Location09.jpg?resize=150%2C150&amp;ssl=1\" class=\"attachment-thumbnail size-thumbnail\" alt=\"\" loading=\"lazy\" aria-describedby=\"gallery-1-181\" srcset=\"https:\/\/i0.wp.com\/corfuaquamarine.gr\/wp-content\/uploads\/2017\/10\/Location09.jpg?resize=150%2C150&amp;ssl=1 150w, https:\/\/i0.wp.com\/corfuaquamarine.gr\/wp-content\/uploads\/2017\/10\/Location09.jpg?resize=100%2C100&amp;ssl=1 100w\" sizes=\"(max-width: 150px) 100vw, 150px\" \/><\/a>\n\t\t\t<\/div>\n\t\t\t\t<figcaption class='wp-caption-text gallery-caption' id='gallery-1-181'>\n\t\t\t\tPotami Village\n\t\t\t\t<\/figcaption><\/figure><figure class='gallery-item'>\n\t\t\t<div class='gallery-icon landscape'>\n\t\t\t\t<a href='https:\/\/i2.wp.com\/corfuaquamarine.gr\/wp-content\/uploads\/2017\/10\/Location03.jpg?ssl=1' data-lightbox=\"gal[205]\"><img width=\"150\" height=\"150\" src=\"https:\/\/i2.wp.com\/corfuaquamarine.gr\/wp-content\/uploads\/2017\/10\/Location03.jpg?resize=150%2C150&amp;ssl=1\" class=\"attachment-thumbnail size-thumbnail\" alt=\"\" loading=\"lazy\" aria-describedby=\"gallery-1-175\" srcset=\"https:\/\/i2.wp.com\/corfuaquamarine.gr\/wp-content\/uploads\/2017\/10\/Location03.jpg?resize=150%2C150&amp;ssl=1 150w, https:\/\/i2.wp.com\/corfuaquamarine.gr\/wp-content\/uploads\/2017\/10\/Location03.jpg?resize=100%2C100&amp;ssl=1 100w, https:\/\/i2.wp.com\/corfuaquamarine.gr\/wp-content\/uploads\/2017\/10\/Location03.jpg?zoom=2&amp;resize=150%2C150 300w, https:\/\/i2.wp.com\/corfuaquamarine.gr\/wp-content\/uploads\/2017\/10\/Location03.jpg?zoom=3&amp;resize=150%2C150 450w\" sizes=\"(max-width: 150px) 100vw, 150px\" \/><\/a>\n\t\t\t<\/div>\n\t\t\t\t<figcaption class='wp-caption-text gallery-caption' id='gallery-1-175'>\n\t\t\t\tPetriti Village\n\t\t\t\t<\/figcaption><\/figure>\n\t\t<\/div>\n\n","protected":false},"excerpt":{"rendered":"<p>Das Korfu Aquamarin befindet sich in Notos, in der N\u00e4he der D\u00f6rfer Agios Nikolaos und Roumandes, direkt am Ionischen Meer, umgeben von alten Olivenhainen. Die D\u00f6rfer Agios Nikolaos und Roumandes sind alt, mit einer reichen Geschichte, mit typischen griechischen H\u00e4usern und Cafes. Nur einen kurzen Spaziergang vom Strand von Notos, Plaka entfernt, erreichen Sie das [&hellip;]<\/p>\n","protected":false},"author":1,"featured_media":0,"parent":0,"menu_order":0,"comment_status":"closed","ping_status":"closed","template":"","meta":{"spay_email":""},"jetpack_shortlink":"https:\/\/wp.me\/P9dSkh-3j","_links":{"self":[{"href":"https:\/\/corfuaquamarine.gr\/de\/wp-json\/wp\/v2\/pages\/205"}],"collection":[{"href":"https:\/\/corfuaquamarine.gr\/de\/wp-json\/wp\/v2\/pages"}],"about":[{"href":"https:\/\/corfuaquamarine.gr\/de\/wp-json\/wp\/v2\/types\/page"}],"author":[{"embeddable":true,"href":"https:\/\/corfuaquamarine.gr\/de\/wp-json\/wp\/v2\/users\/1"}],"replies":[{"embeddable":true,"href":"https:\/\/corfuaquamarine.gr\/de\/wp-json\/wp\/v2\/comments?post=205"}],"version-history":[{"count":1,"href":"https:\/\/corfuaquamarine.gr\/de\/wp-json\/wp\/v2\/pages\/205\/revisions"}],"predecessor-version":[{"id":206,"href":"https:\/\/corfuaquamarine.gr\/de\/wp-json\/wp\/v2\/pages\/205\/revisions\/206"}],"wp:attachment":[{"href":"https:\/\/corfuaquamarine.gr\/de\/wp-json\/wp\/v2\/media?parent=205"}],"curies":[{"name":"wp","href":"https:\/\/api.w.org\/{rel}","templated":true}]}}