{"id":212,"date":"2017-09-27T10:33:48","date_gmt":"2017-09-27T10:33:48","guid":{"rendered":"http:\/\/corfuaquamarine.gr\/restaurant\/"},"modified":"2021-06-18T08:48:41","modified_gmt":"2021-06-18T08:48:41","slug":"restaurant","status":"publish","type":"page","link":"https:\/\/corfuaquamarine.gr\/de\/restaurant\/","title":{"rendered":"Taverna Savvas"},"content":{"rendered":"<p style=\"text-align: center;\">&#8222;Taverna Savvas&#8220; ist ein traditionelles griechisches Restaurant mit Blick auf das ionische Meer, wo Sie Ihr Mittag- oder Abendessen in einer angenehmen und freundlichen Atmosph\u00e4re genie\u00dfen k\u00f6nnen.<br \/>\nUnser Restaurant ist ber\u00fchmt f\u00fcr die Rezepte von Corfiot, frischen Fisch und Meeresfr\u00fcchte.<\/p>\n<h3 style=\"text-align: center;\"><a href=\"http:\/\/www.tavernasavvascorfu.gr\" target=\"_blank\" rel=\"noopener\">Besuchen Sie Taverna Savvas Website<\/a><\/h3>\n","protected":false},"excerpt":{"rendered":"<p>&#8222;Taverna Savvas&#8220; ist ein traditionelles griechisches Restaurant mit Blick auf das ionische Meer, wo Sie Ihr Mittag- oder Abendessen in einer angenehmen und freundlichen Atmosph\u00e4re genie\u00dfen k\u00f6nnen. Unser Restaurant ist ber\u00fchmt f\u00fcr die Rezepte von Corfiot, frischen Fisch und Meeresfr\u00fcchte. Besuchen Sie Taverna Savvas Website<\/p>\n","protected":false},"author":1,"featured_media":508,"parent":0,"menu_order":0,"comment_status":"closed","ping_status":"closed","template":"","meta":{"spay_email":""},"jetpack_shortlink":"https:\/\/wp.me\/P9dSkh-3q","_links":{"self":[{"href":"https:\/\/corfuaquamarine.gr\/de\/wp-json\/wp\/v2\/pages\/212"}],"collection":[{"href":"https:\/\/corfuaquamarine.gr\/de\/wp-json\/wp\/v2\/pages"}],"about":[{"href":"https:\/\/corfuaquamarine.gr\/de\/wp-json\/wp\/v2\/types\/page"}],"author":[{"embeddable":true,"href":"https:\/\/corfuaquamarine.gr\/de\/wp-json\/wp\/v2\/users\/1"}],"replies":[{"embeddable":true,"href":"https:\/\/corfuaquamarine.gr\/de\/wp-json\/wp\/v2\/comments?post=212"}],"version-history":[{"count":1,"href":"https:\/\/corfuaquamarine.gr\/de\/wp-json\/wp\/v2\/pages\/212\/revisions"}],"predecessor-version":[{"id":230,"href":"https:\/\/corfuaquamarine.gr\/de\/wp-json\/wp\/v2\/pages\/212\/revisions\/230"}],"wp:featuredmedia":[{"embeddable":true,"href":"https:\/\/corfuaquamarine.gr\/de\/wp-json\/wp\/v2\/media\/508"}],"wp:attachment":[{"href":"https:\/\/corfuaquamarine.gr\/de\/wp-json\/wp\/v2\/media?parent=212"}],"curies":[{"name":"wp","href":"https:\/\/api.w.org\/{rel}","templated":true}]}}